{"id":2786,"date":"2026-03-18T15:40:22","date_gmt":"2026-03-18T14:40:22","guid":{"rendered":"https:\/\/kunden.108bits.de\/sonnenlandhof\/?page_id=2786"},"modified":"2026-03-18T15:40:22","modified_gmt":"2026-03-18T14:40:22","slug":"impressum","status":"publish","type":"page","link":"https:\/\/kunden.108bits.de\/sonnenlandhof\/impressum\/","title":{"rendered":"Impressum"},"content":{"rendered":"<p>Sonnenlandhof &#8211; Ferienwohnungen<br \/>\n    Dorfstra\u00dfe 23<br \/>\n    16818 Wuthenow<\/p>\n<table border=\"0\">\n<tbody>\n<tr>\n<td>Telefon:<\/td>\n<td>03391 \/ 775 39 60<\/td>\n<\/tr>\n<tr>\n<td>Fax:<\/td>\n<td>03391 \/ 775 39 61<\/td>\n<\/tr>\n<\/tbody>\n<\/table>\n<p>Email: <a href=\"mailto:info@sonnenlandhof.de\">info@sonnenlandhof.de<\/a><br \/>\n    Inhaber: J\u00f6rg Stockhammer<br \/>\n    <br \/>Wir nutzen die Ferienhausverwaltung <a href=\"http:\/\/casa-mea.de\/\" target=\"_blank\" rel=\"noopener\">casa-mea<\/a> (www.casa-mea.de)<br \/>\n    <br \/>Steuernummer: 052\/278\/02121 FA Kyritz\n<\/p>\n<p>Haftungsausschluss<\/p>\n<p>Inhalte<br \/>\n    Der Inhalt dieser Seiten wurde sorgf\u00e4ltig bearbeitet und \u00fcberpr\u00fcft. \u201esonnenlandhof.de\u201c \u00fcbernimmt jedoch keine Gew\u00e4hr f\u00fcr die Aktualit\u00e4t, Richtigkeit, Vollst\u00e4ndigkeit oder Qualit\u00e4t der bereitgestellten Informationen. Haftungsanspr\u00fcche gegen \u201esonnenlandhof.de\u201c, die sich auf Sch\u00e4den materieller oder ideeller Art beziehen, welche durch die Nutzung oder Nichtnutzung der dargebotenen Informationen oder durch fehlerhafte und unvollst\u00e4ndige Informationen verursacht wurden, sind grunds\u00e4tzlich ausgeschlossen, sofern seitens \u201esonnenlandhof.de\u201c kein nachweislich vors\u00e4tzliches oder grob fahrl\u00e4ssiges Verschulden vorliegt. \u201esonnenlandhof.de\u201c beh\u00e4lt sich ausdr\u00fccklich das Recht vor, Teile der Seite oder das gesamte Angebot ohne vorherige Ank\u00fcndigung zu ver\u00e4ndern, zu erg\u00e4nzen, zu l\u00f6schen oder die Ver\u00f6ffentlichung einzustellen.<\/p>\n<p>Links<br \/>\n    Sofern \u201esonnenlandhof.de\u201c direkt oder indirekt auf fremde Internetseiten verweist, haftet \u201esonnenlandhof.de\u201c nur, wenn sie von den Inhalten genaue Kenntnis hat und es ihr technisch m\u00f6glich und zumutbar ist, die Nutzung im Falle rechtswidriger Inhalte zu verhindern. \u201esonnenlandhof.de\u201c erkl\u00e4rt hiermit ausdr\u00fccklich, dass zum Zeitpunkt der Linksetzung die verlinkten Seiten keine illegalen Inhalte enthalten haben. \u201esonnenlandhof.de\u201c hat keinerlei Einfluss auf die aktuelle und zuk\u00fcnftige Gestaltung der verlinkten Seiten. \u201esonnenlandhof.de\u201c distanziert sich daher hiermit ausdr\u00fccklich von allen inhaltlichen \u00c4nderungen, die nach der Linkssetzung auf den verlinkten Seiten vorgenommen werden. Dies gilt auch f\u00fcr Eintr\u00e4ge Dritter in von \u201esonnenlandhof.de\u201c eingerichteten G\u00e4stebuch. \u201esonnenlandhof.de\u201c ist nicht verantwortlich f\u00fcr den Inhalt, die Verf\u00fcgbarkeit, die Richtigkeit und die Genauigkeit der verlinkten Seiten, deren Angebote, Links oder Werbeanzeigen. \u201esonnenlandhof.de\u201c haftet nicht f\u00fcr illegale, fehlerhafte oder unvollst\u00e4ndige Inhalte und insbesondere f\u00fcr Sch\u00e4den, die durch Nutzung oder Nichtnutzung der auf den verlinkten Seiten angebotenen Informationen entstehen.<\/p>\n<p>Urheberrecht<br \/>\n    \u201esonnenlandhof.de\u201c ist bestrebt, in allen Publikationen geltende Urheberrechte zu beachten. Sollte es trotzdem zu einer Urheberrechtsverletzung kommen, wird \u201esonnenlandhof.de\u201c das entsprechende Objekt nach Benachrichtigung aus seiner Publikation entfernen bzw. mit dem entsprechenden Urheberrecht kenntlich machen. Alle innerhalb des Internetangebots genannten und gegebenenfalls durch Dritte gesch\u00fctzten Marken- und Warenzeichen unterliegen uneingeschr\u00e4nkt den Bestimmungen des jeweils g\u00fcltigen Kennzeichenrechts und den Besitzrechten der jeweiligen eingetragenen Eigent\u00fcmer. Allein aufgrund der blo\u00dfen Nennung ist nicht der Schluss zu ziehen, dass Markenzeichen nicht durch Rechte Dritter gesch\u00fctzt sind. Das Urheberecht f\u00fcr die eigenen Inhalte auf der Domain www.lenz-wie-fruehling.com steht allein \u201esonnenlandhof.de\u201c zu. Eine Vervielf\u00e4ltigung solcher Grafiken, Sounds oder Texte in anderen elektronischen oder gedruckten Publikationen ist ohne ausdr\u00fcckliche Zustimmung von \u201esonnenlandhof.de\u201c nicht gestattet.<\/p>\n<p>Rechtswirksamkeit<br \/>\n    Dieser Haftungsausschluss ist als Teil des Internetangebotes zu betrachten, von dem aus auf diese Seite verwiesen wurde. Sofern Teile oder einzelne Formulierungen dieses Textes der geltenden Rechtslage nicht, nicht mehr oder nicht vollst\u00e4ndig entsprechen sollten, bleiben die \u00fcbrigen Teile des Dokumentes in ihrem Inhalt und ihrer G\u00fcltigkeit davon unber\u00fchrt.<\/p>\n<p>Statistik<br \/>\n    Diese Website nutzt ein Statistik-PlugIn. Das Statistik-PlugIn verwendet sog. \u201eCookies\u201c, Textdateien, die auf Ihrem Computer gespeichert werden und die eine Analyse der Benutzung der Website durch Sie erm\u00f6glichen. Sie k\u00f6nnen die Speicherung der Cookies durch eine entsprechende Einstellung Ihrer Browser-Software verhindern; wir weisen Sie jedoch darauf hin, dass Sie in diesem Fall gegebenenfalls nicht s\u00e4mtliche Funktionen dieser Website vollumf\u00e4nglich nutzen werden k\u00f6nnen. Wir weisen Sie darauf hin, dass IP-Adressen anonymisiert (sog. IP-Masking) f\u00fcr Statistikzwecke erfasst werden.<\/p>\n<\/p>\n<p><span class=\"mtext2\">Hinweis zur Online-Streitbeilegung<\/span><\/p>\n<p><span class=\"mtext2\">\u201eHinweis zur Online-Streitbeilegung gem\u00e4\u00df Art. 14 Abs. 1 ODR-VO: Die Europ\u00e4ische Kommission stellt eine Plattform zur Online-Streitbeilegung (OS) bereit, die Sie unter <a href=\"https:\/\/deref-gmx.net\/mail\/client\/dW_99DN2ya0\/dereferrer\/?redirectUrl=https%3A%2F%2Fnews.dtvdata.de%2Fncopen.php%3Fnid%3D3016%26aid%3D60723%26apid%3D0%26url%3Dhttp%3A%2F%2Fec.europa.eu%2Fconsumers%2Fodr%2F\" target=\"_blank\" rel=\"noopener\">http:\/\/ec.europa.eu\/consumers\/odr\/<\/a> finden.\u201d<br \/><\/span><\/p>\n","protected":false},"excerpt":{"rendered":"<p>Sonnenlandhof &#8211; Ferienwohnungen Dorfstra\u00dfe 23 16818 Wuthenow Telefon: 03391 \/ 775 39 60 Fax: 03391 \/ 775 39 61 Email: info@sonnenlandhof.de Inhaber: J\u00f6rg Stockhammer Wir nutzen die Ferienhausverwaltung casa-mea (www.casa-mea.de) Steuernummer: 052\/278\/02121 FA Kyritz Haftungsausschluss Inhalte Der Inhalt dieser Seiten wurde sorgf\u00e4ltig bearbeitet und \u00fcberpr\u00fcft. \u201esonnenlandhof.de\u201c \u00fcbernimmt jedoch keine Gew\u00e4hr f\u00fcr die Aktualit\u00e4t, Richtigkeit, Vollst\u00e4ndigkeit [&hellip;]<\/p>\n","protected":false},"author":1,"featured_media":0,"parent":0,"menu_order":0,"comment_status":"closed","ping_status":"closed","template":"","meta":{"footnotes":""},"class_list":["post-2786","page","type-page","status-publish","hentry"],"_links":{"self":[{"href":"https:\/\/kunden.108bits.de\/sonnenlandhof\/wp-json\/wp\/v2\/pages\/2786","targetHints":{"allow":["GET"]}}],"collection":[{"href":"https:\/\/kunden.108bits.de\/sonnenlandhof\/wp-json\/wp\/v2\/pages"}],"about":[{"href":"https:\/\/kunden.108bits.de\/sonnenlandhof\/wp-json\/wp\/v2\/types\/page"}],"author":[{"embeddable":true,"href":"https:\/\/kunden.108bits.de\/sonnenlandhof\/wp-json\/wp\/v2\/users\/1"}],"replies":[{"embeddable":true,"href":"https:\/\/kunden.108bits.de\/sonnenlandhof\/wp-json\/wp\/v2\/comments?post=2786"}],"version-history":[{"count":1,"href":"https:\/\/kunden.108bits.de\/sonnenlandhof\/wp-json\/wp\/v2\/pages\/2786\/revisions"}],"predecessor-version":[{"id":2787,"href":"https:\/\/kunden.108bits.de\/sonnenlandhof\/wp-json\/wp\/v2\/pages\/2786\/revisions\/2787"}],"wp:attachment":[{"href":"https:\/\/kunden.108bits.de\/sonnenlandhof\/wp-json\/wp\/v2\/media?parent=2786"}],"curies":[{"name":"wp","href":"https:\/\/api.w.org\/{rel}","templated":true}]}}